{"id":361,"date":"2025-06-04T11:29:05","date_gmt":"2025-06-04T10:29:05","guid":{"rendered":"https:\/\/almaceneselpecas.com\/?page_id=361"},"modified":"2025-06-06T08:49:25","modified_gmt":"2025-06-06T07:49:25","slug":"calibrado-de-ajos-y-cebolla","status":"publish","type":"page","link":"https:\/\/almaceneselpecas.com\/en\/calibrado-de-ajos-y-cebolla\/","title":{"rendered":"Calibrado de Ajos y Cebolla"},"content":{"rendered":"<div data-elementor-type=\"wp-page\" data-elementor-id=\"361\" class=\"elementor elementor-361\" data-elementor-post-type=\"page\">\n\t\t\t\t<div class=\"elementor-element elementor-element-8a8cfaa e-con-full e-flex e-con e-parent\" data-id=\"8a8cfaa\" data-element_type=\"container\" data-settings=\"{&quot;shape_divider_bottom&quot;:&quot;wave-brush&quot;}\">\n\t\t\t\t<div class=\"elementor-shape elementor-shape-bottom\" aria-hidden=\"true\" data-negative=\"false\">\n\t\t\t<svg xmlns=\"http:\/\/www.w3.org\/2000\/svg\" viewbox=\"0 0 283.5 27.8\" preserveaspectratio=\"none\">\n\t<path class=\"elementor-shape-fill\" d=\"M283.5,9.7c0,0-7.3,4.3-14,4.6c-6.8,0.3-12.6,0-20.9-1.5c-11.3-2-33.1-10.1-44.7-5.7\ts-12.1,4.6-18,7.4c-6.6,3.2-20,9.6-36.6,9.3C131.6,23.5,99.5,7.2,86.3,8c-1.4,0.1-6.6,0.8-10.5,2c-3.8,1.2-9.4,3.8-17,4.7\tc-3.2,0.4-8.3,1.1-14.2,0.9c-1.5-0.1-6.3-0.4-12-1.6c-5.7-1.2-11-3.1-15.8-3.7C6.5,9.2,0,10.8,0,10.8V0h283.5V9.7z M260.8,11.3\tc-0.7-1-2-0.4-4.3-0.4c-2.3,0-6.1-1.2-5.8-1.1c0.3,0.1,3.1,1.5,6,1.9C259.7,12.2,261.4,12.3,260.8,11.3z M242.4,8.6\tc0,0-2.4-0.2-5.6-0.9c-3.2-0.8-10.3-2.8-15.1-3.5c-8.2-1.1-15.8,0-15.1,0.1c0.8,0.1,9.6-0.6,17.6,1.1c3.3,0.7,9.3,2.2,12.4,2.7\tC239.9,8.7,242.4,8.6,242.4,8.6z M185.2,8.5c1.7-0.7-13.3,4.7-18.5,6.1c-2.1,0.6-6.2,1.6-10,2c-3.9,0.4-8.9,0.4-8.8,0.5\tc0,0.2,5.8,0.8,11.2,0c5.4-0.8,5.2-1.1,7.6-1.6C170.5,14.7,183.5,9.2,185.2,8.5z M199.1,6.9c0.2,0-0.8-0.4-4.8,1.1\tc-4,1.5-6.7,3.5-6.9,3.7c-0.2,0.1,3.5-1.8,6.6-3C197,7.5,199,6.9,199.1,6.9z M283,6c-0.1,0.1-1.9,1.1-4.8,2.5s-6.9,2.8-6.7,2.7\tc0.2,0,3.5-0.6,7.4-2.5C282.8,6.8,283.1,5.9,283,6z M31.3,11.6c0.1-0.2-1.9-0.2-4.5-1.2s-5.4-1.6-7.8-2C15,7.6,7.3,8.5,7.7,8.6\tC8,8.7,15.9,8.3,20.2,9.3c2.2,0.5,2.4,0.5,5.7,1.6S31.2,11.9,31.3,11.6z M73,9.2c0.4-0.1,3.5-1.6,8.4-2.6c4.9-1.1,8.9-0.5,8.9-0.8\tc0-0.3-1-0.9-6.2-0.3S72.6,9.3,73,9.2z M71.6,6.7C71.8,6.8,75,5.4,77.3,5c2.3-0.3,1.9-0.5,1.9-0.6c0-0.1-1.1-0.2-2.7,0.2\tC74.8,5.1,71.4,6.6,71.6,6.7z M93.6,4.4c0.1,0.2,3.5,0.8,5.6,1.8c2.1,1,1.8,0.6,1.9,0.5c0.1-0.1-0.8-0.8-2.4-1.3\tC97.1,4.8,93.5,4.2,93.6,4.4z M65.4,11.1c-0.1,0.3,0.3,0.5,1.9-0.2s2.6-1.3,2.2-1.2s-0.9,0.4-2.5,0.8C65.3,10.9,65.5,10.8,65.4,11.1\tz M34.5,12.4c-0.2,0,2.1,0.8,3.3,0.9c1.2,0.1,2,0.1,2-0.2c0-0.3-0.1-0.5-1.6-0.4C36.6,12.8,34.7,12.4,34.5,12.4z M152.2,21.1\tc-0.1,0.1-2.4-0.3-7.5-0.3c-5,0-13.6-2.4-17.2-3.5c-3.6-1.1,10,3.9,16.5,4.1C150.5,21.6,152.3,21,152.2,21.1z\"\/>\n\t<path class=\"elementor-shape-fill\" d=\"M269.6,18c-0.1-0.1-4.6,0.3-7.2,0c-7.3-0.7-17-3.2-16.6-2.9c0.4,0.3,13.7,3.1,17,3.3\tC267.7,18.8,269.7,18,269.6,18z\"\/>\n\t<path class=\"elementor-shape-fill\" d=\"M227.4,9.8c-0.2-0.1-4.5-1-9.5-1.2c-5-0.2-12.7,0.6-12.3,0.5c0.3-0.1,5.9-1.8,13.3-1.2\tS227.6,9.9,227.4,9.8z\"\/>\n\t<path class=\"elementor-shape-fill\" d=\"M204.5,13.4c-0.1-0.1,2-1,3.2-1.1c1.2-0.1,2,0,2,0.3c0,0.3-0.1,0.5-1.6,0.4\tC206.4,12.9,204.6,13.5,204.5,13.4z\"\/>\n\t<path class=\"elementor-shape-fill\" d=\"M201,10.6c0-0.1-4.4,1.2-6.3,2.2c-1.9,0.9-6.2,3.1-6.1,3.1c0.1,0.1,4.2-1.6,6.3-2.6\tS201,10.7,201,10.6z\"\/>\n\t<path class=\"elementor-shape-fill\" d=\"M154.5,26.7c-0.1-0.1-4.6,0.3-7.2,0c-7.3-0.7-17-3.2-16.6-2.9c0.4,0.3,13.7,3.1,17,3.3\tC152.6,27.5,154.6,26.8,154.5,26.7z\"\/>\n\t<path class=\"elementor-shape-fill\" d=\"M41.9,19.3c0,0,1.2-0.3,2.9-0.1c1.7,0.2,5.8,0.9,8.2,0.7c4.2-0.4,7.4-2.7,7-2.6\tc-0.4,0-4.3,2.2-8.6,1.9c-1.8-0.1-5.1-0.5-6.7-0.4S41.9,19.3,41.9,19.3z\"\/>\n\t<path class=\"elementor-shape-fill\" d=\"M75.5,12.6c0.2,0.1,2-0.8,4.3-1.1c2.3-0.2,2.1-0.3,2.1-0.5c0-0.1-1.8-0.4-3.4,0\tC76.9,11.5,75.3,12.5,75.5,12.6z\"\/>\n\t<path class=\"elementor-shape-fill\" d=\"M15.6,13.2c0-0.1,4.3,0,6.7,0.5c2.4,0.5,5,1.9,5,2c0,0.1-2.7-0.8-5.1-1.4\tC19.9,13.7,15.7,13.3,15.6,13.2z\"\/>\n<\/svg>\t\t<\/div>\n\t\t\t\t<\/div>\n\t\t<div class=\"elementor-element elementor-element-26b52ca e-flex e-con-boxed e-con e-parent\" data-id=\"26b52ca\" data-element_type=\"container\" data-settings=\"{&quot;background_background&quot;:&quot;classic&quot;}\">\n\t\t\t\t\t<div class=\"e-con-inner\">\n\t\t<div class=\"elementor-element elementor-element-11c9d60 e-con-full e-flex e-con e-child\" data-id=\"11c9d60\" data-element_type=\"container\">\n\t\t\t\t<div class=\"elementor-element elementor-element-6f25a4b elementor-widget elementor-widget-text-editor\" data-id=\"6f25a4b\" data-element_type=\"widget\" data-widget_type=\"text-editor.default\">\n\t\t\t\t<div class=\"elementor-widget-container\">\n\t\t\t\t\t\t\t\t\t<p>En el competitivo mercado agr\u00edcola actual, la <strong>homogeneidad y la presentaci\u00f3n<\/strong> de los productos son tan importantes como su calidad intr\u00ednseca. El servicio de calibrado de ajos y cebollas en ALMACENES EL PECAS est\u00e1 dise\u00f1ado precisamente para esto: transformar tu cosecha en un producto final perfectamente clasificado, listo para satisfacer las demandas m\u00e1s exigentes de distribuidores, supermercados e industrias agroalimentarias.<\/p>\t\t\t\t\t\t\t\t<\/div>\n\t\t\t\t<\/div>\n\t\t\t\t<\/div>\n\t\t\t\t\t<\/div>\n\t\t\t\t<\/div>\n\t\t<div class=\"elementor-element elementor-element-782320b4 e-flex e-con-boxed e-con e-parent\" data-id=\"782320b4\" data-element_type=\"container\" data-settings=\"{&quot;background_background&quot;:&quot;gradient&quot;}\">\n\t\t\t\t\t<div class=\"e-con-inner\">\n\t\t<div class=\"elementor-element elementor-element-44522dce e-con-full e-flex e-con e-child\" data-id=\"44522dce\" data-element_type=\"container\">\n\t\t\t\t<div class=\"elementor-element elementor-element-7918f65b elementor-widget-tablet__width-inherit elementor-widget elementor-widget-heading\" data-id=\"7918f65b\" data-element_type=\"widget\" data-widget_type=\"heading.default\">\n\t\t\t\t<div class=\"elementor-widget-container\">\n\t\t\t\t\t<h2 class=\"elementor-heading-title elementor-size-default\">\u00bfQu\u00e9 es el Calibrado?<\/h2>\t\t\t\t<\/div>\n\t\t\t\t<\/div>\n\t\t\t\t<div class=\"elementor-element elementor-element-4823a0b3 elementor-vertical-align-middle elementor-widget elementor-widget-icon-box\" data-id=\"4823a0b3\" data-element_type=\"widget\" data-settings=\"{&quot;_animation&quot;:&quot;none&quot;}\" data-widget_type=\"icon-box.default\">\n\t\t\t\t<div class=\"elementor-widget-container\">\n\t\t\t\t\t\t\t<div class=\"elementor-icon-box-wrapper\">\n\n\t\t\t\n\t\t\t\t\t\t<div class=\"elementor-icon-box-content\">\n\n\t\t\t\t\n\t\t\t\t\t\t\t\t\t<p class=\"elementor-icon-box-description\">\n\t\t\t\t\t\tEl calibrado es el proceso de clasificaci\u00f3n de ajos y cebollas por tama\u00f1o, peso o incluso calidad visual, utilizando maquinaria especializada. Va m\u00e1s all\u00e1 de una simple separaci\u00f3n; es una operaci\u00f3n de precisi\u00f3n que garantiza que cada bulbo dentro de un lote cumpla con los est\u00e1ndares de un calibre espec\u00edfico.\t\t\t\t\t<\/p>\n\t\t\t\t\n\t\t\t<\/div>\n\t\t\t\n\t\t<\/div>\n\t\t\t\t\t\t<\/div>\n\t\t\t\t<\/div>\n\t\t\t\t<\/div>\n\t\t<div class=\"elementor-element elementor-element-5ff90150 e-con-full e-flex e-con e-child\" data-id=\"5ff90150\" data-element_type=\"container\">\n\t\t<div class=\"elementor-element elementor-element-490f7c8 e-con-full e-flex e-con e-child\" data-id=\"490f7c8\" data-element_type=\"container\">\n\t\t\t\t<div class=\"elementor-element elementor-element-66b5eab6 elementor-flip-box--effect-fade elementor-widget elementor-widget-flip-box\" data-id=\"66b5eab6\" data-element_type=\"widget\" data-widget_type=\"flip-box.default\">\n\t\t\t\t<div class=\"elementor-widget-container\">\n\t\t\t\t\t\t\t<div class=\"elementor-flip-box\" tabindex=\"0\">\n\t\t\t<div class=\"elementor-flip-box__layer elementor-flip-box__front\">\n\t\t\t\t<div class=\"elementor-flip-box__layer__overlay\">\n\t\t\t\t\t<div class=\"elementor-flip-box__layer__inner\">\n\t\t\t\t\t\t\n\t\t\t\t\t\t\t\t\t\t\t\t\t<h3 class=\"elementor-flip-box__layer__title\">\n\t\t\t\t\t\t\t\tRecepci\u00f3n y Pre-selecci\u00f3n\t\t\t\t\t\t\t<\/h3>\n\t\t\t\t\t\t\n\t\t\t\t\t\t\t\t\t\t\t\t\t<div class=\"elementor-flip-box__layer__description\">\n\t\t\t\t\t\t\t\tTu cosecha es recibida y sometida a una primera inspecci\u00f3n visual para eliminar elementos gruesos, tierra o bulbos visiblemente da\u00f1ados.\t\t\t\t\t\t\t<\/div>\n\t\t\t\t\t\t\t\t\t\t\t<\/div>\n\t\t\t\t<\/div>\n\t\t\t<\/div>\n\t\t\t<div class=\"elementor-flip-box__layer elementor-flip-box__back\">\n\t\t\t<div class=\"elementor-flip-box__layer__overlay\">\n\t\t\t\t<div class=\"elementor-flip-box__layer__inner\">\n\t\t\t\t\t\n\t\t\t\t\t\n\t\t\t\t\t\t\t\t<\/div>\n\t\t<\/div>\n\t\t<\/div>\n\t\t<\/div>\n\t\t\t\t\t\t<\/div>\n\t\t\t\t<\/div>\n\t\t\t\t<\/div>\n\t\t<div class=\"elementor-element elementor-element-55e84ab8 e-con-full e-flex e-con e-child\" data-id=\"55e84ab8\" data-element_type=\"container\">\n\t\t\t\t<div class=\"elementor-element elementor-element-7d70b68b elementor-flip-box--effect-fade elementor-widget elementor-widget-flip-box\" data-id=\"7d70b68b\" data-element_type=\"widget\" data-widget_type=\"flip-box.default\">\n\t\t\t\t<div class=\"elementor-widget-container\">\n\t\t\t\t\t\t\t<div class=\"elementor-flip-box\" tabindex=\"0\">\n\t\t\t<div class=\"elementor-flip-box__layer elementor-flip-box__front\">\n\t\t\t\t<div class=\"elementor-flip-box__layer__overlay\">\n\t\t\t\t\t<div class=\"elementor-flip-box__layer__inner\">\n\t\t\t\t\t\t\n\t\t\t\t\t\t\t\t\t\t\t\t\t<h3 class=\"elementor-flip-box__layer__title\">\n\t\t\t\t\t\t\t\tLimpieza y Preparaci\u00f3n\t\t\t\t\t\t\t<\/h3>\n\t\t\t\t\t\t\n\t\t\t\t\t\t\t\t\t\t\t\t\t<div class=\"elementor-flip-box__layer__description\">\n\t\t\t\t\t\t\t\tDependiendo del estado del producto, se pueden realizar procesos de limpieza (cepillado para eliminar tierra o cat\u00e1filas sueltas) para asegurar que los bulbos est\u00e9n en \u00f3ptimas condiciones para el calibrado. \t\t\t\t\t\t\t<\/div>\n\t\t\t\t\t\t\t\t\t\t\t<\/div>\n\t\t\t\t<\/div>\n\t\t\t<\/div>\n\t\t\t<div class=\"elementor-flip-box__layer elementor-flip-box__back\">\n\t\t\t<div class=\"elementor-flip-box__layer__overlay\">\n\t\t\t\t<div class=\"elementor-flip-box__layer__inner\">\n\t\t\t\t\t\n\t\t\t\t\t\n\t\t\t\t\t\t\t\t<\/div>\n\t\t<\/div>\n\t\t<\/div>\n\t\t<\/div>\n\t\t\t\t\t\t<\/div>\n\t\t\t\t<\/div>\n\t\t\t\t<\/div>\n\t\t<div class=\"elementor-element elementor-element-1feecb8f e-con-full e-flex e-con e-child\" data-id=\"1feecb8f\" data-element_type=\"container\">\n\t\t\t\t<div class=\"elementor-element elementor-element-155da5d3 elementor-flip-box--effect-fade elementor-widget elementor-widget-flip-box\" data-id=\"155da5d3\" data-element_type=\"widget\" data-widget_type=\"flip-box.default\">\n\t\t\t\t<div class=\"elementor-widget-container\">\n\t\t\t\t\t\t\t<div class=\"elementor-flip-box\" tabindex=\"0\">\n\t\t\t<div class=\"elementor-flip-box__layer elementor-flip-box__front\">\n\t\t\t\t<div class=\"elementor-flip-box__layer__overlay\">\n\t\t\t\t\t<div class=\"elementor-flip-box__layer__inner\">\n\t\t\t\t\t\t\n\t\t\t\t\t\t\t\t\t\t\t\t\t<h3 class=\"elementor-flip-box__layer__title\">\n\t\t\t\t\t\t\t\tCalibrado de Precisi\u00f3n\t\t\t\t\t\t\t<\/h3>\n\t\t\t\t\t\t\n\t\t\t\t\t\t\t\t\t\t\t\t\t<div class=\"elementor-flip-box__layer__description\">\n\t\t\t\t\t\t\t\tAqu\u00ed es donde entra en juego nuestra tecnolog\u00eda de vanguardia. Utilizamos maquinaria de las mejores marcas, como JJ Broch, La Preferida y Zocapi, que permiten clasificar ajos y cebollas con una precisi\u00f3n milim\u00e9trica\t\t\t\t\t\t\t<\/div>\n\t\t\t\t\t\t\t\t\t\t\t<\/div>\n\t\t\t\t<\/div>\n\t\t\t<\/div>\n\t\t\t<div class=\"elementor-flip-box__layer elementor-flip-box__back\">\n\t\t\t<div class=\"elementor-flip-box__layer__overlay\">\n\t\t\t\t<div class=\"elementor-flip-box__layer__inner\">\n\t\t\t\t\t\n\t\t\t\t\t\n\t\t\t\t\t\t\t\t<\/div>\n\t\t<\/div>\n\t\t<\/div>\n\t\t<\/div>\n\t\t\t\t\t\t<\/div>\n\t\t\t\t<\/div>\n\t\t\t\t<\/div>\n\t\t<div class=\"elementor-element elementor-element-6114b6ad e-con-full e-flex e-con e-child\" data-id=\"6114b6ad\" data-element_type=\"container\">\n\t\t\t\t<div class=\"elementor-element elementor-element-45df659b elementor-flip-box--effect-fade elementor-widget elementor-widget-flip-box\" data-id=\"45df659b\" data-element_type=\"widget\" data-widget_type=\"flip-box.default\">\n\t\t\t\t<div class=\"elementor-widget-container\">\n\t\t\t\t\t\t\t<div class=\"elementor-flip-box\" tabindex=\"0\">\n\t\t\t<div class=\"elementor-flip-box__layer elementor-flip-box__front\">\n\t\t\t\t<div class=\"elementor-flip-box__layer__overlay\">\n\t\t\t\t\t<div class=\"elementor-flip-box__layer__inner\">\n\t\t\t\t\t\t\n\t\t\t\t\t\t\t\t\t\t\t\t\t<h3 class=\"elementor-flip-box__layer__title\">\n\t\t\t\t\t\t\t\tInspecci\u00f3n y Control de Calidad\t\t\t\t\t\t\t<\/h3>\n\t\t\t\t\t\t\n\t\t\t\t\t\t\t\t\t\t\t\t\t<div class=\"elementor-flip-box__layer__description\">\n\t\t\t\t\t\t\t\tUna vez calibrados, los bulbos pasan por cintas de inspecci\u00f3n donde nuestro equipo humano realiza un control de calidad final, asegurando que solo los productos que cumplen con los est\u00e1ndares de cada calibre avanzan al siguiente paso. \t\t\t\t\t\t\t<\/div>\n\t\t\t\t\t\t\t\t\t\t\t<\/div>\n\t\t\t\t<\/div>\n\t\t\t<\/div>\n\t\t\t<div class=\"elementor-flip-box__layer elementor-flip-box__back\">\n\t\t\t<div class=\"elementor-flip-box__layer__overlay\">\n\t\t\t\t<div class=\"elementor-flip-box__layer__inner\">\n\t\t\t\t\t\n\t\t\t\t\t\n\t\t\t\t\t\t\t\t<\/div>\n\t\t<\/div>\n\t\t<\/div>\n\t\t<\/div>\n\t\t\t\t\t\t<\/div>\n\t\t\t\t<\/div>\n\t\t\t\t<\/div>\n\t\t\t\t<\/div>\n\t\t\t\t\t<\/div>\n\t\t\t\t<\/div>\n\t\t\t\t<\/div>","protected":false},"excerpt":{"rendered":"<p>En el competitivo mercado agr\u00edcola actual, la homogeneidad y la presentaci\u00f3n de los productos son tan importantes como su calidad [&hellip;]<\/p>","protected":false},"author":1,"featured_media":0,"parent":0,"menu_order":0,"comment_status":"closed","ping_status":"closed","template":"","meta":{"site-sidebar-layout":"no-sidebar","site-content-layout":"","ast-site-content-layout":"full-width-container","site-content-style":"default","site-sidebar-style":"default","ast-global-header-display":"","ast-banner-title-visibility":"","ast-main-header-display":"","ast-hfb-above-header-display":"","ast-hfb-below-header-display":"","ast-hfb-mobile-header-display":"","site-post-title":"disabled","ast-breadcrumbs-content":"","ast-featured-img":"disabled","footer-sml-layout":"","theme-transparent-header-meta":"","adv-header-id-meta":"","stick-header-meta":"","header-above-stick-meta":"","header-main-stick-meta":"","header-below-stick-meta":"","astra-migrate-meta-layouts":"default","ast-page-background-enabled":"default","ast-page-background-meta":{"desktop":{"background-color":"var(--ast-global-color-5)","background-image":"","background-repeat":"repeat","background-position":"center center","background-size":"auto","background-attachment":"scroll","background-type":"","background-media":"","overlay-type":"","overlay-color":"","overlay-opacity":"","overlay-gradient":""},"tablet":{"background-color":"","background-image":"","background-repeat":"repeat","background-position":"center center","background-size":"auto","background-attachment":"scroll","background-type":"","background-media":"","overlay-type":"","overlay-color":"","overlay-opacity":"","overlay-gradient":""},"mobile":{"background-color":"","background-image":"","background-repeat":"repeat","background-position":"center center","background-size":"auto","background-attachment":"scroll","background-type":"","background-media":"","overlay-type":"","overlay-color":"","overlay-opacity":"","overlay-gradient":""}},"ast-content-background-meta":{"desktop":{"background-color":"var(--ast-global-color-4)","background-image":"","background-repeat":"repeat","background-position":"center center","background-size":"auto","background-attachment":"scroll","background-type":"","background-media":"","overlay-type":"","overlay-color":"","overlay-opacity":"","overlay-gradient":""},"tablet":{"background-color":"var(--ast-global-color-4)","background-image":"","background-repeat":"repeat","background-position":"center center","background-size":"auto","background-attachment":"scroll","background-type":"","background-media":"","overlay-type":"","overlay-color":"","overlay-opacity":"","overlay-gradient":""},"mobile":{"background-color":"var(--ast-global-color-4)","background-image":"","background-repeat":"repeat","background-position":"center center","background-size":"auto","background-attachment":"scroll","background-type":"","background-media":"","overlay-type":"","overlay-color":"","overlay-opacity":"","overlay-gradient":""}},"footnotes":""},"class_list":["post-361","page","type-page","status-publish","hentry"],"yoast_head":"<!-- This site is optimized with the Yoast SEO plugin v25.3 - https:\/\/yoast.com\/wordpress\/plugins\/seo\/ -->\n<title>Calibrado de Ajos y Cebolla - Almacenes El Pecas<\/title>\n<meta name=\"robots\" content=\"index, follow, max-snippet:-1, max-image-preview:large, max-video-preview:-1\" \/>\n<link rel=\"canonical\" href=\"https:\/\/almaceneselpecas.com\/en\/calibrado-de-ajos-y-cebolla\/\" \/>\n<meta property=\"og:locale\" content=\"en_GB\" \/>\n<meta property=\"og:type\" content=\"article\" \/>\n<meta property=\"og:title\" content=\"Calibrado de Ajos y Cebolla - Almacenes El Pecas\" \/>\n<meta property=\"og:description\" content=\"En el competitivo mercado agr\u00edcola actual, la homogeneidad y la presentaci\u00f3n de los productos son tan importantes como su calidad [&hellip;]\" \/>\n<meta property=\"og:url\" content=\"https:\/\/almaceneselpecas.com\/en\/calibrado-de-ajos-y-cebolla\/\" \/>\n<meta property=\"og:site_name\" content=\"Almacenes El Pecas\" \/>\n<meta property=\"article:modified_time\" content=\"2025-06-06T07:49:25+00:00\" \/>\n<meta name=\"twitter:card\" content=\"summary_large_image\" \/>\n<meta name=\"twitter:label1\" content=\"Estimated reading time\" \/>\n\t<meta name=\"twitter:data1\" content=\"1 minute\" \/>\n<script type=\"application\/ld+json\" class=\"yoast-schema-graph\">{\"@context\":\"https:\/\/schema.org\",\"@graph\":[{\"@type\":\"WebPage\",\"@id\":\"https:\/\/almaceneselpecas.com\/calibrado-de-ajos-y-cebolla\/\",\"url\":\"https:\/\/almaceneselpecas.com\/calibrado-de-ajos-y-cebolla\/\",\"name\":\"Calibrado de Ajos y Cebolla - Almacenes El Pecas\",\"isPartOf\":{\"@id\":\"https:\/\/almaceneselpecas.com\/#website\"},\"datePublished\":\"2025-06-04T10:29:05+00:00\",\"dateModified\":\"2025-06-06T07:49:25+00:00\",\"breadcrumb\":{\"@id\":\"https:\/\/almaceneselpecas.com\/calibrado-de-ajos-y-cebolla\/#breadcrumb\"},\"inLanguage\":\"en-GB\",\"potentialAction\":[{\"@type\":\"ReadAction\",\"target\":[\"https:\/\/almaceneselpecas.com\/calibrado-de-ajos-y-cebolla\/\"]}]},{\"@type\":\"BreadcrumbList\",\"@id\":\"https:\/\/almaceneselpecas.com\/calibrado-de-ajos-y-cebolla\/#breadcrumb\",\"itemListElement\":[{\"@type\":\"ListItem\",\"position\":1,\"name\":\"Portada\",\"item\":\"https:\/\/almaceneselpecas.com\/\"},{\"@type\":\"ListItem\",\"position\":2,\"name\":\"Calibrado de Ajos y Cebolla\"}]},{\"@type\":\"WebSite\",\"@id\":\"https:\/\/almaceneselpecas.com\/#website\",\"url\":\"https:\/\/almaceneselpecas.com\/\",\"name\":\"Almacenes El Pecas\",\"description\":\"Expertos en frigoconservaci\u00f3n y procesamiento, optimizamos tu producci\u00f3n\",\"publisher\":{\"@id\":\"https:\/\/almaceneselpecas.com\/#organization\"},\"potentialAction\":[{\"@type\":\"SearchAction\",\"target\":{\"@type\":\"EntryPoint\",\"urlTemplate\":\"https:\/\/almaceneselpecas.com\/?s={search_term_string}\"},\"query-input\":{\"@type\":\"PropertyValueSpecification\",\"valueRequired\":true,\"valueName\":\"search_term_string\"}}],\"inLanguage\":\"en-GB\"},{\"@type\":\"Organization\",\"@id\":\"https:\/\/almaceneselpecas.com\/#organization\",\"name\":\"Almacenes El Pecas\",\"url\":\"https:\/\/almaceneselpecas.com\/\",\"logo\":{\"@type\":\"ImageObject\",\"inLanguage\":\"en-GB\",\"@id\":\"https:\/\/almaceneselpecas.com\/#\/schema\/logo\/image\/\",\"url\":\"https:\/\/almaceneselpecas.com\/wp-content\/uploads\/2025\/06\/cropped-Red-blue-minimalist-hot-cold-logo.png\",\"contentUrl\":\"https:\/\/almaceneselpecas.com\/wp-content\/uploads\/2025\/06\/cropped-Red-blue-minimalist-hot-cold-logo.png\",\"width\":1000,\"height\":333,\"caption\":\"Almacenes El Pecas\"},\"image\":{\"@id\":\"https:\/\/almaceneselpecas.com\/#\/schema\/logo\/image\/\"}}]}<\/script>\n<!-- \/ Yoast SEO plugin. -->","yoast_head_json":{"title":"Calibrado de Ajos y Cebolla - Almacenes El Pecas","robots":{"index":"index","follow":"follow","max-snippet":"max-snippet:-1","max-image-preview":"max-image-preview:large","max-video-preview":"max-video-preview:-1"},"canonical":"https:\/\/almaceneselpecas.com\/en\/calibrado-de-ajos-y-cebolla\/","og_locale":"en_GB","og_type":"article","og_title":"Calibrado de Ajos y Cebolla - Almacenes El Pecas","og_description":"En el competitivo mercado agr\u00edcola actual, la homogeneidad y la presentaci\u00f3n de los productos son tan importantes como su calidad [&hellip;]","og_url":"https:\/\/almaceneselpecas.com\/en\/calibrado-de-ajos-y-cebolla\/","og_site_name":"Almacenes El Pecas","article_modified_time":"2025-06-06T07:49:25+00:00","twitter_card":"summary_large_image","twitter_misc":{"Estimated reading time":"1 minute"},"schema":{"@context":"https:\/\/schema.org","@graph":[{"@type":"WebPage","@id":"https:\/\/almaceneselpecas.com\/calibrado-de-ajos-y-cebolla\/","url":"https:\/\/almaceneselpecas.com\/calibrado-de-ajos-y-cebolla\/","name":"Calibrado de Ajos y Cebolla - Almacenes El Pecas","isPartOf":{"@id":"https:\/\/almaceneselpecas.com\/#website"},"datePublished":"2025-06-04T10:29:05+00:00","dateModified":"2025-06-06T07:49:25+00:00","breadcrumb":{"@id":"https:\/\/almaceneselpecas.com\/calibrado-de-ajos-y-cebolla\/#breadcrumb"},"inLanguage":"en-GB","potentialAction":[{"@type":"ReadAction","target":["https:\/\/almaceneselpecas.com\/calibrado-de-ajos-y-cebolla\/"]}]},{"@type":"BreadcrumbList","@id":"https:\/\/almaceneselpecas.com\/calibrado-de-ajos-y-cebolla\/#breadcrumb","itemListElement":[{"@type":"ListItem","position":1,"name":"Portada","item":"https:\/\/almaceneselpecas.com\/"},{"@type":"ListItem","position":2,"name":"Calibrado de Ajos y Cebolla"}]},{"@type":"WebSite","@id":"https:\/\/almaceneselpecas.com\/#website","url":"https:\/\/almaceneselpecas.com\/","name":"Almacenes El Pecas","description":"Expertos en frigoconservaci\u00f3n y procesamiento, optimizamos tu producci\u00f3n","publisher":{"@id":"https:\/\/almaceneselpecas.com\/#organization"},"potentialAction":[{"@type":"SearchAction","target":{"@type":"EntryPoint","urlTemplate":"https:\/\/almaceneselpecas.com\/?s={search_term_string}"},"query-input":{"@type":"PropertyValueSpecification","valueRequired":true,"valueName":"search_term_string"}}],"inLanguage":"en-GB"},{"@type":"Organization","@id":"https:\/\/almaceneselpecas.com\/#organization","name":"Almacenes El Pecas","url":"https:\/\/almaceneselpecas.com\/","logo":{"@type":"ImageObject","inLanguage":"en-GB","@id":"https:\/\/almaceneselpecas.com\/#\/schema\/logo\/image\/","url":"https:\/\/almaceneselpecas.com\/wp-content\/uploads\/2025\/06\/cropped-Red-blue-minimalist-hot-cold-logo.png","contentUrl":"https:\/\/almaceneselpecas.com\/wp-content\/uploads\/2025\/06\/cropped-Red-blue-minimalist-hot-cold-logo.png","width":1000,"height":333,"caption":"Almacenes El Pecas"},"image":{"@id":"https:\/\/almaceneselpecas.com\/#\/schema\/logo\/image\/"}}]}},"_links":{"self":[{"href":"https:\/\/almaceneselpecas.com\/en\/wp-json\/wp\/v2\/pages\/361","targetHints":{"allow":["GET"]}}],"collection":[{"href":"https:\/\/almaceneselpecas.com\/en\/wp-json\/wp\/v2\/pages"}],"about":[{"href":"https:\/\/almaceneselpecas.com\/en\/wp-json\/wp\/v2\/types\/page"}],"author":[{"embeddable":true,"href":"https:\/\/almaceneselpecas.com\/en\/wp-json\/wp\/v2\/users\/1"}],"replies":[{"embeddable":true,"href":"https:\/\/almaceneselpecas.com\/en\/wp-json\/wp\/v2\/comments?post=361"}],"version-history":[{"count":28,"href":"https:\/\/almaceneselpecas.com\/en\/wp-json\/wp\/v2\/pages\/361\/revisions"}],"predecessor-version":[{"id":489,"href":"https:\/\/almaceneselpecas.com\/en\/wp-json\/wp\/v2\/pages\/361\/revisions\/489"}],"wp:attachment":[{"href":"https:\/\/almaceneselpecas.com\/en\/wp-json\/wp\/v2\/media?parent=361"}],"curies":[{"name":"wp","href":"https:\/\/api.w.org\/{rel}","templated":true}]}}